{"id":6060,"date":"2024-01-07T15:49:35","date_gmt":"2024-01-07T15:49:35","guid":{"rendered":"https:\/\/pousadapontoquatro.com.br\/site\/?page_id=6060"},"modified":"2024-01-07T15:52:32","modified_gmt":"2024-01-07T15:52:32","slug":"como-chegar-e-distancias","status":"publish","type":"page","link":"https:\/\/pousadapontoquatro.com.br\/site\/como-chegar-e-distancias\/","title":{"rendered":"Como chegar e dist\u00e2ncias"},"content":{"rendered":"\t\t<div data-elementor-type=\"wp-page\" data-elementor-id=\"6060\" class=\"elementor elementor-6060\">\n\t\t\t\t\t\t\t<div class=\"elementor-element elementor-element-6e29d32 e-flex e-con-boxed e-con e-parent\" data-id=\"6e29d32\" data-element_type=\"container\" data-settings=\"{&quot;content_width&quot;:&quot;boxed&quot;}\" data-core-v316-plus=\"true\">\n\t\t\t\t\t<div class=\"e-con-inner\">\n\t\t\t\t<div class=\"elementor-element elementor-element-b378bf4 elementor-widget elementor-widget-text-editor\" data-id=\"b378bf4\" data-element_type=\"widget\" data-widget_type=\"text-editor.default\">\n\t\t\t\t<div class=\"elementor-widget-container\">\n\t\t\t<style>\/*! elementor - v3.18.0 - 20-12-2023 *\/\n.elementor-widget-text-editor.elementor-drop-cap-view-stacked .elementor-drop-cap{background-color:#69727d;color:#fff}.elementor-widget-text-editor.elementor-drop-cap-view-framed .elementor-drop-cap{color:#69727d;border:3px solid;background-color:transparent}.elementor-widget-text-editor:not(.elementor-drop-cap-view-default) .elementor-drop-cap{margin-top:8px}.elementor-widget-text-editor:not(.elementor-drop-cap-view-default) .elementor-drop-cap-letter{width:1em;height:1em}.elementor-widget-text-editor .elementor-drop-cap{float:left;text-align:center;line-height:1;font-size:50px}.elementor-widget-text-editor .elementor-drop-cap-letter{display:inline-block}<\/style>\t\t\t\t<h2>VINDO DE S\u00c3O PAULO:<\/h2><p class=\"txt-apresentacao\"><strong>Carro:<\/strong>\u00a0Airton Sena, Carvalho Pinto e Via Nova Dutra. Sa\u00edda para MG: Km 34 &#8211; Cruzeiro Ayrton Sena, Carvalho Pinto, NovaDutra, sa\u00edda para Minas Gerais em Cruzeiro no Km 34. Seguir em dire\u00e7\u00e3o ao trevo da cidade de Cruzeiro e neste local pegar o sentido para o Sul de Minas, sendo que a dist\u00e2ncia de Cruzeiro a Passa Quatro \u00e9 de 34 Km.<\/p><p class=\"txt-apresentacao\"><strong>\u00d4nibus:<\/strong>\u00a0<a href=\"https:\/\/www.viacaocometa.com.br\/content\/jca\/cometa\/pt-br.html\" target=\"_blank\" rel=\"noopener\">Via\u00e7\u00e3o Cometa\u00a0<\/a>&#8211; Tel: (11) 6221-2955<\/p><p><br \/><br \/><\/p><h2>VINDO DO RIO DE JANEIRO:<\/h2><p class=\"txt-apresentacao\"><strong>Carro:<\/strong>\u00a0Acesso pela Dutra at\u00e9 o Km 34 Silveiras e Cruzeiro. Seguir ent\u00e3o para Passa Quatro &#8211; MG<\/p><p class=\"txt-apresentacao\"><strong>\u00d4nibus:<\/strong>\u00a0<a href=\"https:\/\/www.webrodoviaria.com.br\/VendaWebCidadeDoAcoConsulta\/\" target=\"_blank\" rel=\"noopener\">Via\u00e7\u00e3o Cidade do A\u00e7o<\/a>\u00a0a Cruzeiro* &#8211; Tel: (21) 2136-4750<\/p><p class=\"txt-apresentacao\">* De Cruzeiro para Passa Quatro o passageiro continua na Via\u00e7\u00e3o Cidade do A\u00e7o somente compra uma passagem complementar de Cruzeiro a Passa Quatro (Dist\u00e2ncia: 23,0 Km)<\/p><p><br \/><br \/><\/p><h2>VINDO DE BELO HORIZONTE:<\/h2><p class=\"txt-apresentacao\"><strong>Carro:<\/strong>\u00a0Fern\u00e3o Dias at\u00e9 Tr\u00eas Cora\u00e7\u00f5es, Caxambu, Pouso Alto, Itanhandu, Passa Quatro<\/p><p class=\"txt-apresentacao\"><strong>\u00d4nibus:<\/strong>\u00a0Via\u00e7\u00e3o Gard\u00eania a S\u00e3o Louren\u00e7o* &#8211; Tel: 0800-302000<\/p><p>*de S\u00e3o Louren\u00e7o para Passa Quatro:\u00a0<a href=\"https:\/\/www.webrodoviaria.com.br\/VendaWebCidadeDoAcoConsulta\/\" target=\"_blank\" rel=\"noopener\">Via\u00e7\u00e3o Cidade do A\u00e7o<\/a>\u00a0(Dist\u00e2ncia: 49,8 Km)<\/p>\t\t\t\t\t\t<\/div>\n\t\t\t\t<\/div>\n\t\t\t\t\t<\/div>\n\t\t\t\t<\/div>\n\t\t\t\t\t\t\t<\/div>\n\t\t","protected":false},"excerpt":{"rendered":"<p>VINDO DE S\u00c3O PAULO: Carro:\u00a0Airton Sena, Carvalho Pinto e Via Nova Dutra. Sa\u00edda para MG: Km 34 &#8211; Cruzeiro Ayrton Sena, Carvalho Pinto, NovaDutra, sa\u00edda para Minas Gerais em Cruzeiro no Km 34. Seguir em dire\u00e7\u00e3o ao trevo da cidade de Cruzeiro e neste local pegar o sentido para o Sul de Minas, sendo que &hellip;<\/p>\n","protected":false},"author":1,"featured_media":0,"parent":0,"menu_order":0,"comment_status":"closed","ping_status":"closed","template":"","meta":{"footnotes":""},"class_list":["post-6060","page","type-page","status-publish","hentry"],"aioseo_notices":[],"_links":{"self":[{"href":"https:\/\/pousadapontoquatro.com.br\/site\/wp-json\/wp\/v2\/pages\/6060","targetHints":{"allow":["GET"]}}],"collection":[{"href":"https:\/\/pousadapontoquatro.com.br\/site\/wp-json\/wp\/v2\/pages"}],"about":[{"href":"https:\/\/pousadapontoquatro.com.br\/site\/wp-json\/wp\/v2\/types\/page"}],"author":[{"embeddable":true,"href":"https:\/\/pousadapontoquatro.com.br\/site\/wp-json\/wp\/v2\/users\/1"}],"replies":[{"embeddable":true,"href":"https:\/\/pousadapontoquatro.com.br\/site\/wp-json\/wp\/v2\/comments?post=6060"}],"version-history":[{"count":4,"href":"https:\/\/pousadapontoquatro.com.br\/site\/wp-json\/wp\/v2\/pages\/6060\/revisions"}],"predecessor-version":[{"id":6064,"href":"https:\/\/pousadapontoquatro.com.br\/site\/wp-json\/wp\/v2\/pages\/6060\/revisions\/6064"}],"wp:attachment":[{"href":"https:\/\/pousadapontoquatro.com.br\/site\/wp-json\/wp\/v2\/media?parent=6060"}],"curies":[{"name":"wp","href":"https:\/\/api.w.org\/{rel}","templated":true}]}}