{"id":5460,"date":"2023-12-11T08:12:46","date_gmt":"2023-12-11T08:12:46","guid":{"rendered":"http:\/\/themestate.com\/demo\/city-of-wp\/?page_id=5460"},"modified":"2024-01-07T16:24:46","modified_gmt":"2024-01-07T16:24:46","slug":"home","status":"publish","type":"page","link":"https:\/\/pousadapontoquatro.com.br\/site\/","title":{"rendered":"Home"},"content":{"rendered":"\t\t<div data-elementor-type=\"wp-page\" data-elementor-id=\"5460\" class=\"elementor elementor-5460\">\n\t\t\t\t\t\t\t\t\t<section class=\"elementor-section elementor-top-section elementor-element elementor-element-1eeab8d elementor-section-full_width elementor-section-height-default elementor-section-height-default\" data-id=\"1eeab8d\" data-element_type=\"section\">\n\t\t\t\t\t\t<div class=\"elementor-container elementor-column-gap-no\">\n\t\t\t\t\t<div class=\"elementor-column elementor-col-100 elementor-top-column elementor-element elementor-element-6422ac6\" data-id=\"6422ac6\" data-element_type=\"column\">\n\t\t\t<div class=\"elementor-widget-wrap elementor-element-populated\">\n\t\t\t\t\t\t\t\t<div class=\"elementor-element elementor-element-d36464d elementor-widget elementor-widget-wp-widget-cityofwp_slider_widget\" data-id=\"d36464d\" data-element_type=\"widget\" data-widget_type=\"wp-widget-cityofwp_slider_widget.default\">\n\t\t\t\t<div class=\"elementor-widget-container\">\n\t\t\t\t\t\r\n\t\t            \r\n\t\t\t        <div class=\"mainflex flexslider loading \">\r\n            \r\n        <div class=\"loading-inn\"><i class=\"fa fa-cog fa-spin\"><\/i><\/div>\r\n                \r\n        <ul class=\"slides\" >\r\n\t\t\t\t\t\t<li>\r\n                \r\n\t\t\t\t\t                        \r\n                             <a href=\"\" title=\"Welcome to the City of WordPress\" >\r\n                             \r\n                                <img fetchpriority=\"high\" decoding=\"async\" width=\"1920\" height=\"1011\" src=\"https:\/\/pousadapontoquatro.com.br\/site\/wp-content\/uploads\/2023\/12\/p4_2.jpg\" class=\"tranz wp-post-image\" alt=\"\" srcset=\"https:\/\/pousadapontoquatro.com.br\/site\/wp-content\/uploads\/2023\/12\/p4_2.jpg 1920w, https:\/\/pousadapontoquatro.com.br\/site\/wp-content\/uploads\/2023\/12\/p4_2-300x158.jpg 300w, https:\/\/pousadapontoquatro.com.br\/site\/wp-content\/uploads\/2023\/12\/p4_2-1024x539.jpg 1024w, https:\/\/pousadapontoquatro.com.br\/site\/wp-content\/uploads\/2023\/12\/p4_2-768x404.jpg 768w, https:\/\/pousadapontoquatro.com.br\/site\/wp-content\/uploads\/2023\/12\/p4_2-1536x809.jpg 1536w\" sizes=\"(max-width: 1920px) 100vw, 1920px\" \/>                                \r\n                             <\/a>\r\n                        \r\n                                    \r\n                    <div class=\"flexinside tranz content_Left\">\r\n                    \r\n                                <div class=\"flexinside-inn\">\r\n                                    \r\n                                    <h2>Seja bem vindo ao nosso site!<\/h2>\n<h3>Venha visitar Passa Quatro!<\/h3>\n<p><a class=\"mainbutton\" href=\"https:\/\/pousadapontoquatro.com.br\/site\/localizacao\/\">Localiza\u00e7\u00e3o<\/a><a class=\"mainbutton inv\" href=\"https:\/\/pousadapontoquatro.com.br\/site\/reservas\/\">Reservas<\/a><\/p>\n                                \r\n                                <\/div>\r\n                    \r\n                    <\/div>\r\n                        \r\n\t\t\t<\/li>\r\n\r\n\t\t\t\t\t\t<\/ul>\r\n            <\/div>\r\n\t\t\t<div class=\"clearfix\"><\/div>\r\n\t\t\r\n\t\t\t\t<\/div>\n\t\t\t\t<\/div>\n\t\t\t\t\t<\/div>\n\t\t<\/div>\n\t\t\t\t\t\t\t<\/div>\n\t\t<\/section>\n\t\t\t\t<section class=\"elementor-section elementor-top-section elementor-element elementor-element-531d4ec elementor-section-boxed elementor-section-height-default elementor-section-height-default\" data-id=\"531d4ec\" data-element_type=\"section\">\n\t\t\t\t\t\t<div class=\"elementor-container elementor-column-gap-wide\">\n\t\t\t\t\t<div class=\"elementor-column elementor-col-25 elementor-top-column elementor-element elementor-element-c994ce5\" data-id=\"c994ce5\" data-element_type=\"column\">\n\t\t\t<div class=\"elementor-widget-wrap elementor-element-populated\">\n\t\t\t\t\t\t\t\t<div class=\"elementor-element elementor-element-de4000a elementor-widget elementor-widget-image\" data-id=\"de4000a\" data-element_type=\"widget\" data-widget_type=\"image.default\">\n\t\t\t\t<div class=\"elementor-widget-container\">\n\t\t\t<style>\/*! elementor - v3.18.0 - 20-12-2023 *\/\n.elementor-widget-image{text-align:center}.elementor-widget-image a{display:inline-block}.elementor-widget-image a img[src$=\".svg\"]{width:48px}.elementor-widget-image img{vertical-align:middle;display:inline-block}<\/style>\t\t\t\t\t\t\t\t\t\t\t\t\t<a href=\"http:\/\/themestate.com\/demo\/city-of-wp\/your-government\/\">\n\t\t\t\t\t\t\t<img decoding=\"async\" width=\"150\" height=\"150\" src=\"https:\/\/pousadapontoquatro.com.br\/site\/wp-content\/uploads\/2024\/01\/desk-bell-150x150.png\" class=\"elementor-animation-shrink attachment-thumbnail size-thumbnail wp-image-5999\" alt=\"\" srcset=\"https:\/\/pousadapontoquatro.com.br\/site\/wp-content\/uploads\/2024\/01\/desk-bell-150x150.png 150w, https:\/\/pousadapontoquatro.com.br\/site\/wp-content\/uploads\/2024\/01\/desk-bell-60x60.png 60w, https:\/\/pousadapontoquatro.com.br\/site\/wp-content\/uploads\/2024\/01\/desk-bell.png 256w\" sizes=\"(max-width: 150px) 100vw, 150px\" \/>\t\t\t\t\t\t\t\t<\/a>\n\t\t\t\t\t\t\t\t\t\t\t\t\t\t\t<\/div>\n\t\t\t\t<\/div>\n\t\t\t\t<div class=\"elementor-element elementor-element-e435a02 elementor-widget elementor-widget-heading\" data-id=\"e435a02\" data-element_type=\"widget\" data-widget_type=\"heading.default\">\n\t\t\t\t<div class=\"elementor-widget-container\">\n\t\t\t<style>\/*! elementor - v3.18.0 - 20-12-2023 *\/\n.elementor-heading-title{padding:0;margin:0;line-height:1}.elementor-widget-heading .elementor-heading-title[class*=elementor-size-]>a{color:inherit;font-size:inherit;line-height:inherit}.elementor-widget-heading .elementor-heading-title.elementor-size-small{font-size:15px}.elementor-widget-heading .elementor-heading-title.elementor-size-medium{font-size:19px}.elementor-widget-heading .elementor-heading-title.elementor-size-large{font-size:29px}.elementor-widget-heading .elementor-heading-title.elementor-size-xl{font-size:39px}.elementor-widget-heading .elementor-heading-title.elementor-size-xxl{font-size:59px}<\/style><h2 class=\"elementor-heading-title elementor-size-default\"><a href=\"http:\/\/themestate.com\/demo\/city-of-wp\/your-government\/\">A Pousada<\/a><\/h2>\t\t<\/div>\n\t\t\t\t<\/div>\n\t\t\t\t\t<\/div>\n\t\t<\/div>\n\t\t\t\t<div class=\"elementor-column elementor-col-25 elementor-top-column elementor-element elementor-element-6fe450e\" data-id=\"6fe450e\" data-element_type=\"column\">\n\t\t\t<div class=\"elementor-widget-wrap elementor-element-populated\">\n\t\t\t\t\t\t\t\t<div class=\"elementor-element elementor-element-175ddfc elementor-widget elementor-widget-image\" data-id=\"175ddfc\" data-element_type=\"widget\" data-widget_type=\"image.default\">\n\t\t\t\t<div class=\"elementor-widget-container\">\n\t\t\t\t\t\t\t\t\t\t\t\t\t\t\t\t<a href=\"https:\/\/www.passaquatro.mg.gov.br\/turismo\/eventos.php\" target=\"_blank\">\n\t\t\t\t\t\t\t<img decoding=\"async\" width=\"150\" height=\"150\" src=\"https:\/\/pousadapontoquatro.com.br\/site\/wp-content\/uploads\/2024\/01\/calendar-150x150.png\" class=\"elementor-animation-shrink attachment-thumbnail size-thumbnail wp-image-5998\" alt=\"\" srcset=\"https:\/\/pousadapontoquatro.com.br\/site\/wp-content\/uploads\/2024\/01\/calendar-150x150.png 150w, https:\/\/pousadapontoquatro.com.br\/site\/wp-content\/uploads\/2024\/01\/calendar-60x60.png 60w, https:\/\/pousadapontoquatro.com.br\/site\/wp-content\/uploads\/2024\/01\/calendar.png 256w\" sizes=\"(max-width: 150px) 100vw, 150px\" \/>\t\t\t\t\t\t\t\t<\/a>\n\t\t\t\t\t\t\t\t\t\t\t\t\t\t\t<\/div>\n\t\t\t\t<\/div>\n\t\t\t\t<div class=\"elementor-element elementor-element-43c7c2c elementor-widget elementor-widget-heading\" data-id=\"43c7c2c\" data-element_type=\"widget\" data-widget_type=\"heading.default\">\n\t\t\t\t<div class=\"elementor-widget-container\">\n\t\t\t<h2 class=\"elementor-heading-title elementor-size-default\"><a href=\"https:\/\/www.passaquatro.mg.gov.br\/turismo\/eventos.php\" target=\"_blank\">Festividades<\/a><\/h2>\t\t<\/div>\n\t\t\t\t<\/div>\n\t\t\t\t\t<\/div>\n\t\t<\/div>\n\t\t\t\t<div class=\"elementor-column elementor-col-25 elementor-top-column elementor-element elementor-element-c3eb86e\" data-id=\"c3eb86e\" data-element_type=\"column\">\n\t\t\t<div class=\"elementor-widget-wrap elementor-element-populated\">\n\t\t\t\t\t\t\t\t<div class=\"elementor-element elementor-element-96fda46 elementor-widget elementor-widget-image\" data-id=\"96fda46\" data-element_type=\"widget\" data-widget_type=\"image.default\">\n\t\t\t\t<div class=\"elementor-widget-container\">\n\t\t\t\t\t\t\t\t\t\t\t\t\t\t\t\t<a href=\"https:\/\/www.passaquatro.mg.gov.br\/sobre-passa-quatro-historia.php\" target=\"_blank\">\n\t\t\t\t\t\t\t<img loading=\"lazy\" decoding=\"async\" width=\"150\" height=\"150\" src=\"https:\/\/pousadapontoquatro.com.br\/site\/wp-content\/uploads\/2024\/01\/tourism-150x150.png\" class=\"elementor-animation-shrink attachment-thumbnail size-thumbnail wp-image-5997\" alt=\"\" srcset=\"https:\/\/pousadapontoquatro.com.br\/site\/wp-content\/uploads\/2024\/01\/tourism-150x150.png 150w, https:\/\/pousadapontoquatro.com.br\/site\/wp-content\/uploads\/2024\/01\/tourism-60x60.png 60w, https:\/\/pousadapontoquatro.com.br\/site\/wp-content\/uploads\/2024\/01\/tourism.png 256w\" sizes=\"(max-width: 150px) 100vw, 150px\" \/>\t\t\t\t\t\t\t\t<\/a>\n\t\t\t\t\t\t\t\t\t\t\t\t\t\t\t<\/div>\n\t\t\t\t<\/div>\n\t\t\t\t<div class=\"elementor-element elementor-element-7026840 elementor-widget elementor-widget-heading\" data-id=\"7026840\" data-element_type=\"widget\" data-widget_type=\"heading.default\">\n\t\t\t\t<div class=\"elementor-widget-container\">\n\t\t\t<h2 class=\"elementor-heading-title elementor-size-default\"><a href=\"https:\/\/www.passaquatro.mg.gov.br\/sobre-passa-quatro-historia.php\" target=\"_blank\">Passa Quatro<\/a><\/h2>\t\t<\/div>\n\t\t\t\t<\/div>\n\t\t\t\t\t<\/div>\n\t\t<\/div>\n\t\t\t\t<div class=\"elementor-column elementor-col-25 elementor-top-column elementor-element elementor-element-7f8f7f1\" data-id=\"7f8f7f1\" data-element_type=\"column\">\n\t\t\t<div class=\"elementor-widget-wrap elementor-element-populated\">\n\t\t\t\t\t\t\t\t<div class=\"elementor-element elementor-element-0c3a1f7 elementor-widget elementor-widget-image\" data-id=\"0c3a1f7\" data-element_type=\"widget\" data-widget_type=\"image.default\">\n\t\t\t\t<div class=\"elementor-widget-container\">\n\t\t\t\t\t\t\t\t\t\t\t\t\t\t\t\t<a href=\"https:\/\/www.instagram.com\/pousadapontoquatro4\" target=\"_blank\">\n\t\t\t\t\t\t\t<img loading=\"lazy\" decoding=\"async\" width=\"150\" height=\"150\" src=\"https:\/\/pousadapontoquatro.com.br\/site\/wp-content\/uploads\/2024\/01\/photography-150x150.png\" class=\"elementor-animation-shrink attachment-thumbnail size-thumbnail wp-image-5996\" alt=\"\" srcset=\"https:\/\/pousadapontoquatro.com.br\/site\/wp-content\/uploads\/2024\/01\/photography-150x150.png 150w, https:\/\/pousadapontoquatro.com.br\/site\/wp-content\/uploads\/2024\/01\/photography-60x60.png 60w, https:\/\/pousadapontoquatro.com.br\/site\/wp-content\/uploads\/2024\/01\/photography.png 256w\" sizes=\"(max-width: 150px) 100vw, 150px\" \/>\t\t\t\t\t\t\t\t<\/a>\n\t\t\t\t\t\t\t\t\t\t\t\t\t\t\t<\/div>\n\t\t\t\t<\/div>\n\t\t\t\t<div class=\"elementor-element elementor-element-24213e4 elementor-widget elementor-widget-heading\" data-id=\"24213e4\" data-element_type=\"widget\" data-widget_type=\"heading.default\">\n\t\t\t\t<div class=\"elementor-widget-container\">\n\t\t\t<h2 class=\"elementor-heading-title elementor-size-default\"><a href=\"https:\/\/www.instagram.com\/pousadapontoquatro4\" target=\"_blank\">Publica\u00e7\u00f5es<\/a><\/h2>\t\t<\/div>\n\t\t\t\t<\/div>\n\t\t\t\t\t<\/div>\n\t\t<\/div>\n\t\t\t\t\t\t\t<\/div>\n\t\t<\/section>\n\t\t\t\t<section class=\"elementor-section elementor-top-section elementor-element elementor-element-92ba3dd elementor-section-boxed elementor-section-height-default elementor-section-height-default\" data-id=\"92ba3dd\" data-element_type=\"section\">\n\t\t\t\t\t\t<div class=\"elementor-container elementor-column-gap-wide\">\n\t\t\t\t\t<div class=\"elementor-column elementor-col-50 elementor-top-column elementor-element elementor-element-565c6a9\" data-id=\"565c6a9\" data-element_type=\"column\">\n\t\t\t<div class=\"elementor-widget-wrap elementor-element-populated\">\n\t\t\t\t\t\t\t\t<section class=\"elementor-section elementor-inner-section elementor-element elementor-element-72a0b93 elementor-section-boxed elementor-section-height-default elementor-section-height-default\" data-id=\"72a0b93\" data-element_type=\"section\" data-settings=\"{&quot;background_background&quot;:&quot;classic&quot;}\">\n\t\t\t\t\t\t<div class=\"elementor-container elementor-column-gap-default\">\n\t\t\t\t\t<div class=\"elementor-column elementor-col-100 elementor-inner-column elementor-element elementor-element-f0ed539\" data-id=\"f0ed539\" data-element_type=\"column\">\n\t\t\t<div class=\"elementor-widget-wrap elementor-element-populated\">\n\t\t\t\t\t\t\t\t<div class=\"elementor-element elementor-element-a8c8540 elementor-view-default elementor-widget elementor-widget-icon\" data-id=\"a8c8540\" data-element_type=\"widget\" data-widget_type=\"icon.default\">\n\t\t\t\t<div class=\"elementor-widget-container\">\n\t\t\t\t\t<div class=\"elementor-icon-wrapper\">\n\t\t\t<div class=\"elementor-icon\">\n\t\t\t<svg aria-hidden=\"true\" class=\"e-font-icon-svg e-fas-map-marker-alt\" viewBox=\"0 0 384 512\" xmlns=\"http:\/\/www.w3.org\/2000\/svg\"><path d=\"M172.268 501.67C26.97 291.031 0 269.413 0 192 0 85.961 85.961 0 192 0s192 85.961 192 192c0 77.413-26.97 99.031-172.268 309.67-9.535 13.774-29.93 13.773-39.464 0zM192 272c44.183 0 80-35.817 80-80s-35.817-80-80-80-80 35.817-80 80 35.817 80 80 80z\"><\/path><\/svg>\t\t\t<\/div>\n\t\t<\/div>\n\t\t\t\t<\/div>\n\t\t\t\t<\/div>\n\t\t\t\t<div class=\"elementor-element elementor-element-9f36b9b elementor-widget elementor-widget-heading\" data-id=\"9f36b9b\" data-element_type=\"widget\" data-widget_type=\"heading.default\">\n\t\t\t\t<div class=\"elementor-widget-container\">\n\t\t\t<h2 class=\"elementor-heading-title elementor-size-default\">Estamos perto de tudo!<\/h2>\t\t<\/div>\n\t\t\t\t<\/div>\n\t\t\t\t<div class=\"elementor-element elementor-element-f33c8b5 elementor-widget elementor-widget-heading\" data-id=\"f33c8b5\" data-element_type=\"widget\" data-widget_type=\"heading.default\">\n\t\t\t\t<div class=\"elementor-widget-container\">\n\t\t\t<p class=\"elementor-heading-title elementor-size-default\">Ao lado de S\u00e3o Paulo e Rio de Janeiro, Passo Quatro \u00e9 logo ali...<\/p>\t\t<\/div>\n\t\t\t\t<\/div>\n\t\t\t\t<div class=\"elementor-element elementor-element-7622511 elementor-widget elementor-widget-button\" data-id=\"7622511\" data-element_type=\"widget\" data-widget_type=\"button.default\">\n\t\t\t\t<div class=\"elementor-widget-container\">\n\t\t\t\t\t<div class=\"elementor-button-wrapper\">\n\t\t\t<a class=\"elementor-button elementor-button-link elementor-size-xs\" href=\"https:\/\/pousadapontoquatro.com.br\/site\/como-chegar-e-distancias\/\">\n\t\t\t\t\t\t<span class=\"elementor-button-content-wrapper\">\n\t\t\t\t\t\t<span class=\"elementor-button-icon elementor-align-icon-right\">\n\t\t\t\t<svg aria-hidden=\"true\" class=\"e-font-icon-svg e-fas-arrow-right\" viewBox=\"0 0 448 512\" xmlns=\"http:\/\/www.w3.org\/2000\/svg\"><path d=\"M190.5 66.9l22.2-22.2c9.4-9.4 24.6-9.4 33.9 0L441 239c9.4 9.4 9.4 24.6 0 33.9L246.6 467.3c-9.4 9.4-24.6 9.4-33.9 0l-22.2-22.2c-9.5-9.5-9.3-25 .4-34.3L311.4 296H24c-13.3 0-24-10.7-24-24v-32c0-13.3 10.7-24 24-24h287.4L190.9 101.2c-9.8-9.3-10-24.8-.4-34.3z\"><\/path><\/svg>\t\t\t<\/span>\n\t\t\t\t\t\t<span class=\"elementor-button-text\">VER DIST\u00c2NCIAS<\/span>\n\t\t<\/span>\n\t\t\t\t\t<\/a>\n\t\t<\/div>\n\t\t\t\t<\/div>\n\t\t\t\t<\/div>\n\t\t\t\t\t<\/div>\n\t\t<\/div>\n\t\t\t\t\t\t\t<\/div>\n\t\t<\/section>\n\t\t\t\t<section class=\"elementor-section elementor-inner-section elementor-element elementor-element-d122912 elementor-section-boxed elementor-section-height-default elementor-section-height-default\" data-id=\"d122912\" data-element_type=\"section\" data-settings=\"{&quot;background_background&quot;:&quot;classic&quot;}\">\n\t\t\t\t\t\t<div class=\"elementor-container elementor-column-gap-default\">\n\t\t\t\t\t<div class=\"elementor-column elementor-col-100 elementor-inner-column elementor-element elementor-element-e3a4908\" data-id=\"e3a4908\" data-element_type=\"column\">\n\t\t\t<div class=\"elementor-widget-wrap elementor-element-populated\">\n\t\t\t\t\t\t\t\t<div class=\"elementor-element elementor-element-aa6789f elementor-view-default elementor-widget elementor-widget-icon\" data-id=\"aa6789f\" data-element_type=\"widget\" data-widget_type=\"icon.default\">\n\t\t\t\t<div class=\"elementor-widget-container\">\n\t\t\t\t\t<div class=\"elementor-icon-wrapper\">\n\t\t\t<div class=\"elementor-icon\">\n\t\t\t<svg aria-hidden=\"true\" class=\"e-font-icon-svg e-fas-road\" viewBox=\"0 0 576 512\" xmlns=\"http:\/\/www.w3.org\/2000\/svg\"><path d=\"M573.19 402.67l-139.79-320C428.43 71.29 417.6 64 405.68 64h-97.59l2.45 23.16c.5 4.72-3.21 8.84-7.96 8.84h-29.16c-4.75 0-8.46-4.12-7.96-8.84L267.91 64h-97.59c-11.93 0-22.76 7.29-27.73 18.67L2.8 402.67C-6.45 423.86 8.31 448 30.54 448h196.84l10.31-97.68c.86-8.14 7.72-14.32 15.91-14.32h68.8c8.19 0 15.05 6.18 15.91 14.32L348.62 448h196.84c22.23 0 36.99-24.14 27.73-45.33zM260.4 135.16a8 8 0 0 1 7.96-7.16h39.29c4.09 0 7.53 3.09 7.96 7.16l4.6 43.58c.75 7.09-4.81 13.26-11.93 13.26h-40.54c-7.13 0-12.68-6.17-11.93-13.26l4.59-43.58zM315.64 304h-55.29c-9.5 0-16.91-8.23-15.91-17.68l5.07-48c.86-8.14 7.72-14.32 15.91-14.32h45.15c8.19 0 15.05 6.18 15.91 14.32l5.07 48c1 9.45-6.41 17.68-15.91 17.68z\"><\/path><\/svg>\t\t\t<\/div>\n\t\t<\/div>\n\t\t\t\t<\/div>\n\t\t\t\t<\/div>\n\t\t\t\t<div class=\"elementor-element elementor-element-0918531 elementor-widget elementor-widget-heading\" data-id=\"0918531\" data-element_type=\"widget\" data-widget_type=\"heading.default\">\n\t\t\t\t<div class=\"elementor-widget-container\">\n\t\t\t<h2 class=\"elementor-heading-title elementor-size-default\">N\u00e3o sabe como chegar a Passa Quatro?<\/h2>\t\t<\/div>\n\t\t\t\t<\/div>\n\t\t\t\t<div class=\"elementor-element elementor-element-50b4653 elementor-widget elementor-widget-heading\" data-id=\"50b4653\" data-element_type=\"widget\" data-widget_type=\"heading.default\">\n\t\t\t\t<div class=\"elementor-widget-container\">\n\t\t\t<p class=\"elementor-heading-title elementor-size-default\">\u00c9 f\u00e1cil, veja as principais dist\u00e2ncias.<\/p>\t\t<\/div>\n\t\t\t\t<\/div>\n\t\t\t\t<div class=\"elementor-element elementor-element-dc75a44 elementor-widget elementor-widget-button\" data-id=\"dc75a44\" data-element_type=\"widget\" data-widget_type=\"button.default\">\n\t\t\t\t<div class=\"elementor-widget-container\">\n\t\t\t\t\t<div class=\"elementor-button-wrapper\">\n\t\t\t<a class=\"elementor-button elementor-button-link elementor-size-xs\" href=\"https:\/\/pousadapontoquatro.com.br\/site\/como-chegar-e-distancias\/\">\n\t\t\t\t\t\t<span class=\"elementor-button-content-wrapper\">\n\t\t\t\t\t\t<span class=\"elementor-button-icon elementor-align-icon-right\">\n\t\t\t\t<svg aria-hidden=\"true\" class=\"e-font-icon-svg e-fas-arrow-right\" viewBox=\"0 0 448 512\" xmlns=\"http:\/\/www.w3.org\/2000\/svg\"><path d=\"M190.5 66.9l22.2-22.2c9.4-9.4 24.6-9.4 33.9 0L441 239c9.4 9.4 9.4 24.6 0 33.9L246.6 467.3c-9.4 9.4-24.6 9.4-33.9 0l-22.2-22.2c-9.5-9.5-9.3-25 .4-34.3L311.4 296H24c-13.3 0-24-10.7-24-24v-32c0-13.3 10.7-24 24-24h287.4L190.9 101.2c-9.8-9.3-10-24.8-.4-34.3z\"><\/path><\/svg>\t\t\t<\/span>\n\t\t\t\t\t\t<span class=\"elementor-button-text\">VEJA COMO<\/span>\n\t\t<\/span>\n\t\t\t\t\t<\/a>\n\t\t<\/div>\n\t\t\t\t<\/div>\n\t\t\t\t<\/div>\n\t\t\t\t\t<\/div>\n\t\t<\/div>\n\t\t\t\t\t\t\t<\/div>\n\t\t<\/section>\n\t\t\t\t\t<\/div>\n\t\t<\/div>\n\t\t\t\t<div class=\"elementor-column elementor-col-50 elementor-top-column elementor-element elementor-element-2d99c09\" data-id=\"2d99c09\" data-element_type=\"column\">\n\t\t\t<div class=\"elementor-widget-wrap elementor-element-populated\">\n\t\t\t\t\t\t\t\t<section class=\"elementor-section elementor-inner-section elementor-element elementor-element-9946c95 elementor-section-boxed elementor-section-height-default elementor-section-height-default\" data-id=\"9946c95\" data-element_type=\"section\">\n\t\t\t\t\t\t<div class=\"elementor-container elementor-column-gap-no\">\n\t\t\t\t\t<div class=\"elementor-column elementor-col-100 elementor-inner-column elementor-element elementor-element-4314095\" data-id=\"4314095\" data-element_type=\"column\" data-settings=\"{&quot;background_background&quot;:&quot;classic&quot;}\">\n\t\t\t<div class=\"elementor-widget-wrap elementor-element-populated\">\n\t\t\t\t\t\t\t\t<div class=\"elementor-element elementor-element-0249994 block_title elementor-widget elementor-widget-heading\" data-id=\"0249994\" data-element_type=\"widget\" data-widget_type=\"heading.default\">\n\t\t\t\t<div class=\"elementor-widget-container\">\n\t\t\t<h2 class=\"elementor-heading-title elementor-size-default\">A Estrada Real tamb\u00e9m passa por Passa Quatro.<\/h2>\t\t<\/div>\n\t\t\t\t<\/div>\n\t\t\t\t\t<\/div>\n\t\t<\/div>\n\t\t\t\t\t\t\t<\/div>\n\t\t<\/section>\n\t\t\t\t<div class=\"elementor-element elementor-element-b31ad72 elementor-align-justify elementor-widget elementor-widget-button\" data-id=\"b31ad72\" data-element_type=\"widget\" data-widget_type=\"button.default\">\n\t\t\t\t<div class=\"elementor-widget-container\">\n\t\t\t\t\t<div class=\"elementor-button-wrapper\">\n\t\t\t<a class=\"elementor-button elementor-button-link elementor-size-lg\" href=\"https:\/\/institutoestradareal.com.br\/cidades\/passa-quatro-mg\/\" target=\"_blank\">\n\t\t\t\t\t\t<span class=\"elementor-button-content-wrapper\">\n\t\t\t\t\t\t<span class=\"elementor-button-icon elementor-align-icon-right\">\n\t\t\t\t<svg aria-hidden=\"true\" class=\"e-font-icon-svg e-fas-arrow-right\" viewBox=\"0 0 448 512\" xmlns=\"http:\/\/www.w3.org\/2000\/svg\"><path d=\"M190.5 66.9l22.2-22.2c9.4-9.4 24.6-9.4 33.9 0L441 239c9.4 9.4 9.4 24.6 0 33.9L246.6 467.3c-9.4 9.4-24.6 9.4-33.9 0l-22.2-22.2c-9.5-9.5-9.3-25 .4-34.3L311.4 296H24c-13.3 0-24-10.7-24-24v-32c0-13.3 10.7-24 24-24h287.4L190.9 101.2c-9.8-9.3-10-24.8-.4-34.3z\"><\/path><\/svg>\t\t\t<\/span>\n\t\t\t\t\t\t<span class=\"elementor-button-text\">CONHE\u00c7A MAIS SOBRE A ESTRADA REAL<\/span>\n\t\t<\/span>\n\t\t\t\t\t<\/a>\n\t\t<\/div>\n\t\t\t\t<\/div>\n\t\t\t\t<\/div>\n\t\t\t\t<div class=\"elementor-element elementor-element-56851e3 elementor-widget elementor-widget-text-editor\" data-id=\"56851e3\" data-element_type=\"widget\" data-widget_type=\"text-editor.default\">\n\t\t\t\t<div class=\"elementor-widget-container\">\n\t\t\t<style>\/*! elementor - v3.18.0 - 20-12-2023 *\/\n.elementor-widget-text-editor.elementor-drop-cap-view-stacked .elementor-drop-cap{background-color:#69727d;color:#fff}.elementor-widget-text-editor.elementor-drop-cap-view-framed .elementor-drop-cap{color:#69727d;border:3px solid;background-color:transparent}.elementor-widget-text-editor:not(.elementor-drop-cap-view-default) .elementor-drop-cap{margin-top:8px}.elementor-widget-text-editor:not(.elementor-drop-cap-view-default) .elementor-drop-cap-letter{width:1em;height:1em}.elementor-widget-text-editor .elementor-drop-cap{float:left;text-align:center;line-height:1;font-size:50px}.elementor-widget-text-editor .elementor-drop-cap-letter{display:inline-block}<\/style>\t\t\t\t<p>Passa Quatro conta ainda com uma aut\u00eantica Maria Fuma\u00e7a Baldwin de 1929. Apelidada de Trem da Mantiqueira, ela percorre um trecho de 12 km ao longo da Serra da Mantiqueira\u00a0e proporciona uma buc\u00f3lica viagem no tempo.<br \/><br \/>Montanhas e\u00a0cachoeiras fazem com que a cidade se torne um polo do ecoturismo. Os picos, pedras e travessias proporcionam um contato maior com a natureza.<\/p>\t\t\t\t\t\t<\/div>\n\t\t\t\t<\/div>\n\t\t\t\t\t<\/div>\n\t\t<\/div>\n\t\t\t\t\t\t\t<\/div>\n\t\t<\/section>\n\t\t\t\t\t\t\t<\/div>\n\t\t","protected":false},"excerpt":{"rendered":"<p>A Pousada Festividades Passa Quatro Publica\u00e7\u00f5es Estamos perto de tudo! Ao lado de S\u00e3o Paulo e Rio de Janeiro, Passo Quatro \u00e9 logo ali&#8230; VER DIST\u00c2NCIAS N\u00e3o sabe como chegar a Passa Quatro? \u00c9 f\u00e1cil, veja as principais dist\u00e2ncias. VEJA COMO A Estrada Real tamb\u00e9m passa por Passa Quatro. CONHE\u00c7A MAIS SOBRE A ESTRADA REAL &hellip;<\/p>\n","protected":false},"author":1,"featured_media":0,"parent":0,"menu_order":0,"comment_status":"closed","ping_status":"closed","template":"elementor_header_footer","meta":{"footnotes":""},"class_list":["post-5460","page","type-page","status-publish","hentry"],"aioseo_notices":[],"_links":{"self":[{"href":"https:\/\/pousadapontoquatro.com.br\/site\/wp-json\/wp\/v2\/pages\/5460","targetHints":{"allow":["GET"]}}],"collection":[{"href":"https:\/\/pousadapontoquatro.com.br\/site\/wp-json\/wp\/v2\/pages"}],"about":[{"href":"https:\/\/pousadapontoquatro.com.br\/site\/wp-json\/wp\/v2\/types\/page"}],"author":[{"embeddable":true,"href":"https:\/\/pousadapontoquatro.com.br\/site\/wp-json\/wp\/v2\/users\/1"}],"replies":[{"embeddable":true,"href":"https:\/\/pousadapontoquatro.com.br\/site\/wp-json\/wp\/v2\/comments?post=5460"}],"version-history":[{"count":76,"href":"https:\/\/pousadapontoquatro.com.br\/site\/wp-json\/wp\/v2\/pages\/5460\/revisions"}],"predecessor-version":[{"id":6076,"href":"https:\/\/pousadapontoquatro.com.br\/site\/wp-json\/wp\/v2\/pages\/5460\/revisions\/6076"}],"wp:attachment":[{"href":"https:\/\/pousadapontoquatro.com.br\/site\/wp-json\/wp\/v2\/media?parent=5460"}],"curies":[{"name":"wp","href":"https:\/\/api.w.org\/{rel}","templated":true}]}}